{"id":7976,"date":"2023-01-14T07:45:44","date_gmt":"2023-01-14T07:45:44","guid":{"rendered":"https:\/\/handlingexpress.com.br\/express\/?page_id=7976"},"modified":"2025-02-07T19:39:32","modified_gmt":"2025-02-07T19:39:32","slug":"frota","status":"publish","type":"page","link":"https:\/\/handlingexpress.com.br\/express\/frota\/","title":{"rendered":"Frota"},"content":{"rendered":"\t\t<div data-elementor-type=\"wp-page\" data-elementor-id=\"7976\" class=\"elementor elementor-7976\">\n\t\t\t\t\t\t\t\t\t<section class=\"elementor-section elementor-top-section elementor-element elementor-element-137040d elementor-section-full_width elementor-section-height-default elementor-section-height-default qodef-elementor-content-no\" data-id=\"137040d\" data-element_type=\"section\">\n\t\t\t\t\t\t<div class=\"elementor-container elementor-column-gap-no\">\n\t\t\t\t\t<div class=\"elementor-column elementor-col-100 elementor-top-column elementor-element elementor-element-54985ce\" data-id=\"54985ce\" data-element_type=\"column\">\n\t\t\t<div class=\"elementor-widget-wrap elementor-element-populated\">\n\t\t\t\t\t\t\t\t<div class=\"elementor-element elementor-element-3c9ccaf elementor-widget elementor-widget-globefarer_core_section_title\" data-id=\"3c9ccaf\" data-element_type=\"widget\" data-widget_type=\"globefarer_core_section_title.default\">\n\t\t\t\t<div class=\"elementor-widget-container\">\n\t\t\t<div class=\"qodef-shortcode qodef-m  qodef-section-title qodef-alignment--left   qodef-appear-animation--no\">\n\t\t\t<h2 class=\"qodef-m-title\" >\n\t\t\t\t\tNossa frota \u00e9 diversificada e inclui ve\u00edculos de todos os tipos e capacidades, a mesma \u00e9 composta por carreta ba\u00fa, carreta sider, caminh\u00f5es sider, ve\u00edculos com plataforma hidr\u00e1ulica, e tamb\u00e9m por ve\u00edculos leves como Vans, tocos, \u00be e fiorinos\t\t\t<\/h2>\n\t\t<\/div>\n\t\t<\/div>\n\t\t\t\t<\/div>\n\t\t\t\t<div class=\"elementor-element elementor-element-465b163 elementor-widget elementor-widget-globefarer_core_section_title\" data-id=\"465b163\" data-element_type=\"widget\" data-widget_type=\"globefarer_core_section_title.default\">\n\t\t\t\t<div class=\"elementor-widget-container\">\n\t\t\t<div class=\"qodef-shortcode qodef-m  qodef-section-title qodef-alignment--left   qodef-appear-animation--no\">\n\t\t\t\t<p class=\"qodef-m-text\" style=\"margin-top: 30px\">Nossos ve\u00edculos est\u00e3o equipados por um moderno  sistema de rastreamento via sat\u00e9lite, alta \u00f3rbita com rede de transmiss\u00e3o de dados GSM,  controlado por software,  os mesmos s\u00e3o monitorados durante todo o percurso de  nossas opera\u00e7\u00f5es, utilizando tamb\u00e9m rastreador de conting\u00eancia para mercadorias de alto risco.<\/p>\n\t<\/div>\n\t\t<\/div>\n\t\t\t\t<\/div>\n\t\t\t\t<div class=\"elementor-element elementor-element-1882a47 elementor-widget elementor-widget-spacer\" data-id=\"1882a47\" data-element_type=\"widget\" data-widget_type=\"spacer.default\">\n\t\t\t\t<div class=\"elementor-widget-container\">\n\t\t\t<style>\/*! elementor - v3.13.3 - 22-05-2023 *\/\n.elementor-column .elementor-spacer-inner{height:var(--spacer-size)}.e-con{--container-widget-width:100%}.e-con-inner>.elementor-widget-spacer,.e-con>.elementor-widget-spacer{width:var(--container-widget-width,var(--spacer-size));--align-self:var(--container-widget-align-self,initial);--flex-shrink:0}.e-con-inner>.elementor-widget-spacer>.elementor-widget-container,.e-con-inner>.elementor-widget-spacer>.elementor-widget-container>.elementor-spacer,.e-con>.elementor-widget-spacer>.elementor-widget-container,.e-con>.elementor-widget-spacer>.elementor-widget-container>.elementor-spacer{height:100%}.e-con-inner>.elementor-widget-spacer>.elementor-widget-container>.elementor-spacer>.elementor-spacer-inner,.e-con>.elementor-widget-spacer>.elementor-widget-container>.elementor-spacer>.elementor-spacer-inner{height:var(--container-widget-height,var(--spacer-size))}<\/style>\t\t<div class=\"elementor-spacer\">\n\t\t\t<div class=\"elementor-spacer-inner\"><\/div>\n\t\t<\/div>\n\t\t\t\t<\/div>\n\t\t\t\t<\/div>\n\t\t\t\t<div class=\"elementor-element elementor-element-30d86e0 elementor-widget elementor-widget-globefarer_core_tabbed_info\" data-id=\"30d86e0\" data-element_type=\"widget\" data-widget_type=\"globefarer_core_tabbed_info.default\">\n\t\t\t\t<div class=\"elementor-widget-container\">\n\t\t\t<div class=\"qodef-shortcode qodef-m  qodef-tabbed-info qodef-layout--standard\">\n\t\t\t<ul class=\"qodef-m-navigation\">\n\t\t\t\t\t\t\t\t\t\t\t<li>\n\t<a href=\"qodef-tab--ecdb426\">\n\t\t\tCarreta Sider \t<\/a>\n<\/li>\n\t\t\t\t\t\t\t\t\t\t\t<li>\n\t<a href=\"qodef-tab--03e1338\">\n\t\t\tFurg\u00e3o 100% El\u00e9trico\t<\/a>\n<\/li>\n\t\t\t\t\t<\/ul>\n\t\t\t\t\t\t\t\t<div class=\"qodef-m-content\" id=\"qodef-tab--ecdb426\">\n\t<div class=\"qodef-m-content-left\">\n\t\t\t<div class=\"qodef-m-image\">\n\t\t<img decoding=\"async\" width=\"768\" height=\"1024\" src=\"https:\/\/handlingexpress.com.br\/express\/wp-content\/uploads\/2025\/02\/a07db009-6135-46e6-b79b-b43ef42c7365.jpeg\" class=\"attachment-full size-full\" alt=\"\" srcset=\"https:\/\/handlingexpress.com.br\/express\/wp-content\/uploads\/2025\/02\/a07db009-6135-46e6-b79b-b43ef42c7365.jpeg 768w, https:\/\/handlingexpress.com.br\/express\/wp-content\/uploads\/2025\/02\/a07db009-6135-46e6-b79b-b43ef42c7365-225x300.jpeg 225w\" sizes=\"(max-width: 768px) 100vw, 768px\" \/>\t<\/div>\n\t<\/div>\n\t<div class=\"qodef-m-content-right\">\n\t\t\t<h2 class=\"qodef-m-title\">\n\t\tFrota moderna e equipada para os mais diversos tipos de mercadorias. Desde cargas leves at\u00e9 cargas pesadas, completas e lota\u00e7\u00e3o\t<\/h2>\n\t<\/div>\n<\/div>\n\t\t\t\t\t\t\t\t<div class=\"qodef-m-content\" id=\"qodef-tab--03e1338\">\n\t<div class=\"qodef-m-content-left\">\n\t\t\t<div class=\"qodef-m-image\">\n\t\t<img decoding=\"async\" width=\"706\" height=\"450\" src=\"https:\/\/handlingexpress.com.br\/express\/wp-content\/uploads\/2025\/02\/ejumpyfrota.png\" class=\"attachment-full size-full\" alt=\"\" srcset=\"https:\/\/handlingexpress.com.br\/express\/wp-content\/uploads\/2025\/02\/ejumpyfrota.png 706w, https:\/\/handlingexpress.com.br\/express\/wp-content\/uploads\/2025\/02\/ejumpyfrota-300x191.png 300w\" sizes=\"(max-width: 706px) 100vw, 706px\" \/>\t<\/div>\n\t<\/div>\n\t<div class=\"qodef-m-content-right\">\n\t\t\t<h2 class=\"qodef-m-title\">\n\t\tColeta e entrega de mercadorias \u00e0 curta dist\u00e2ncia. Ve\u00edculo 100% el\u00e9trico\t<\/h2>\n\t<\/div>\n<\/div>\n\t\t\t<\/div>\n\t\t<\/div>\n\t\t\t\t<\/div>\n\t\t\t\t\t<\/div>\n\t\t<\/div>\n\t\t\t\t\t\t\t<\/div>\n\t\t<\/section>\n\t\t\t\t\t\t\t<\/div>\n\t\t","protected":false},"excerpt":{"rendered":"<p>Nossa frota \u00e9 diversificada e inclui ve\u00edculos de todos os tipos e capacidades, a mesma \u00e9 composta por carreta ba\u00fa, carreta sider, caminh\u00f5es sider, ve\u00edculos com plataforma hidr\u00e1ulica, e tamb\u00e9m por ve\u00edculos leves como Vans, tocos, \u00be e fiorinos Nossos ve\u00edculos est\u00e3o equipados por um moderno sistema de rastreamento via sat\u00e9lite, alta \u00f3rbita com rede [&hellip;]<\/p>\n","protected":false},"author":1,"featured_media":0,"parent":0,"menu_order":0,"comment_status":"closed","ping_status":"closed","template":"","meta":{"footnotes":""},"class_list":["post-7976","page","type-page","status-publish","hentry"],"_links":{"self":[{"href":"https:\/\/handlingexpress.com.br\/express\/wp-json\/wp\/v2\/pages\/7976","targetHints":{"allow":["GET"]}}],"collection":[{"href":"https:\/\/handlingexpress.com.br\/express\/wp-json\/wp\/v2\/pages"}],"about":[{"href":"https:\/\/handlingexpress.com.br\/express\/wp-json\/wp\/v2\/types\/page"}],"author":[{"embeddable":true,"href":"https:\/\/handlingexpress.com.br\/express\/wp-json\/wp\/v2\/users\/1"}],"replies":[{"embeddable":true,"href":"https:\/\/handlingexpress.com.br\/express\/wp-json\/wp\/v2\/comments?post=7976"}],"version-history":[{"count":41,"href":"https:\/\/handlingexpress.com.br\/express\/wp-json\/wp\/v2\/pages\/7976\/revisions"}],"predecessor-version":[{"id":8304,"href":"https:\/\/handlingexpress.com.br\/express\/wp-json\/wp\/v2\/pages\/7976\/revisions\/8304"}],"wp:attachment":[{"href":"https:\/\/handlingexpress.com.br\/express\/wp-json\/wp\/v2\/media?parent=7976"}],"curies":[{"name":"wp","href":"https:\/\/api.w.org\/{rel}","templated":true}]}}